{"id":101,"date":"2024-08-28T13:53:18","date_gmt":"2024-08-28T13:53:18","guid":{"rendered":"https:\/\/www.jerokortesniemi.com\/?page_id=101"},"modified":"2024-09-16T10:25:12","modified_gmt":"2024-09-16T10:25:12","slug":"papa-panda","status":"publish","type":"page","link":"https:\/\/www.jerokortesniemi.com\/index.php\/papa-panda\/","title":{"rendered":"Papa Panda"},"content":{"rendered":"<div class=\"wp-block-image\">\n<figure class=\"aligncenter size-full\"><img loading=\"lazy\" decoding=\"async\" width=\"404\" height=\"390\" src=\"https:\/\/www.jerokortesniemi.com\/wp-content\/uploads\/2024\/08\/Papa-Panda-logo3.png\" alt=\"\" class=\"wp-image-122\" srcset=\"https:\/\/www.jerokortesniemi.com\/wp-content\/uploads\/2024\/08\/Papa-Panda-logo3.png 404w, https:\/\/www.jerokortesniemi.com\/wp-content\/uploads\/2024\/08\/Papa-Panda-logo3-300x290.png 300w\" sizes=\"auto, (max-width: 404px) 100vw, 404px\" \/><\/figure><\/div>\n\n\n<p><\/p>\n\n\n\n<p>Papa Panda oli kouluty\u00f6, jossa tein luksusyritykselle visuaalisen ilmeen. Ty\u00f6 ja asiakas oli itse keksitty. Asiakkaalle tein esittelyvideon (53sec), jossa korostin yrityksen toimintaa ja peruspilareita<\/p>\n\n\n\n<p>Ohjelmat: Illustrator, After Effects, Photoshop<\/p>\n\n\n\n<figure class=\"wp-block-video\"><video controls src=\"https:\/\/www.jerokortesniemi.com\/wp-content\/uploads\/2024\/08\/Papa-Panda_3.mp4\"><\/video><\/figure>\n\n\n\n<p><\/p>\n\n\n\n<p>Mik\u00e4li video ei aukea tai et halua katsoa sit\u00e4, t\u00e4ss\u00e4 viel\u00e4 tiivistetysti kuvina:<\/p>\n\n\n\n<figure class=\"wp-block-image size-full\"><img loading=\"lazy\" decoding=\"async\" width=\"748\" height=\"729\" src=\"https:\/\/www.jerokortesniemi.com\/wp-content\/uploads\/2024\/08\/papa-panda-logo-elements.png\" alt=\"\" class=\"wp-image-123\" srcset=\"https:\/\/www.jerokortesniemi.com\/wp-content\/uploads\/2024\/08\/papa-panda-logo-elements.png 748w, https:\/\/www.jerokortesniemi.com\/wp-content\/uploads\/2024\/08\/papa-panda-logo-elements-300x292.png 300w\" sizes=\"auto, (max-width: 748px) 100vw, 748px\" \/><figcaption class=\"wp-element-caption\">Logo ja elementit<\/figcaption><\/figure>\n\n\n\n<figure class=\"wp-block-image size-large\"><img loading=\"lazy\" decoding=\"async\" width=\"1024\" height=\"864\" src=\"https:\/\/www.jerokortesniemi.com\/wp-content\/uploads\/2024\/08\/Papa-Panda-boxes-1024x864.png\" alt=\"\" class=\"wp-image-125\" srcset=\"https:\/\/www.jerokortesniemi.com\/wp-content\/uploads\/2024\/08\/Papa-Panda-boxes-1024x864.png 1024w, https:\/\/www.jerokortesniemi.com\/wp-content\/uploads\/2024\/08\/Papa-Panda-boxes-300x253.png 300w, https:\/\/www.jerokortesniemi.com\/wp-content\/uploads\/2024\/08\/Papa-Panda-boxes-768x648.png 768w, https:\/\/www.jerokortesniemi.com\/wp-content\/uploads\/2024\/08\/Papa-Panda-boxes.png 1039w\" sizes=\"auto, (max-width: 1024px) 100vw, 1024px\" \/><figcaption class=\"wp-element-caption\">Laatikko<\/figcaption><\/figure>\n\n\n\n<figure class=\"wp-block-image size-full\"><img loading=\"lazy\" decoding=\"async\" width=\"656\" height=\"377\" src=\"https:\/\/www.jerokortesniemi.com\/wp-content\/uploads\/2024\/08\/pp-laatikko-auki.png\" alt=\"\" class=\"wp-image-126\" srcset=\"https:\/\/www.jerokortesniemi.com\/wp-content\/uploads\/2024\/08\/pp-laatikko-auki.png 656w, https:\/\/www.jerokortesniemi.com\/wp-content\/uploads\/2024\/08\/pp-laatikko-auki-300x172.png 300w\" sizes=\"auto, (max-width: 656px) 100vw, 656px\" \/><figcaption class=\"wp-element-caption\">Laatikko auki<\/figcaption><\/figure>\n\n\n\n<div class=\"wp-block-buttons is-layout-flex wp-block-buttons-is-layout-flex\">\n<div class=\"wp-block-button\"><a class=\"wp-block-button__link wp-element-button\" href=\"https:\/\/www.jerokortesniemi.com\/\">Takaisin etusivulle<\/a><\/div>\n<\/div>\n\n\n\n<p><\/p>\n","protected":false},"excerpt":{"rendered":"<p>Papa Panda oli kouluty\u00f6, jossa tein luksusyritykselle visuaalisen ilmeen. Ty\u00f6 ja asiakas oli itse keksitty. Asiakkaalle tein esittelyvideon (53sec), jossa korostin yrityksen toimintaa ja peruspilareita Ohjelmat: Illustrator, After Effects, Photoshop Mik\u00e4li video ei aukea tai et halua katsoa sit\u00e4, t\u00e4ss\u00e4 viel\u00e4 tiivistetysti kuvina:<\/p>\n","protected":false},"author":1,"featured_media":461,"parent":0,"menu_order":0,"comment_status":"closed","ping_status":"closed","template":"","meta":{"footnotes":""},"class_list":["post-101","page","type-page","status-publish","has-post-thumbnail","hentry"],"_links":{"self":[{"href":"https:\/\/www.jerokortesniemi.com\/index.php\/wp-json\/wp\/v2\/pages\/101","targetHints":{"allow":["GET"]}}],"collection":[{"href":"https:\/\/www.jerokortesniemi.com\/index.php\/wp-json\/wp\/v2\/pages"}],"about":[{"href":"https:\/\/www.jerokortesniemi.com\/index.php\/wp-json\/wp\/v2\/types\/page"}],"author":[{"embeddable":true,"href":"https:\/\/www.jerokortesniemi.com\/index.php\/wp-json\/wp\/v2\/users\/1"}],"replies":[{"embeddable":true,"href":"https:\/\/www.jerokortesniemi.com\/index.php\/wp-json\/wp\/v2\/comments?post=101"}],"version-history":[{"count":7,"href":"https:\/\/www.jerokortesniemi.com\/index.php\/wp-json\/wp\/v2\/pages\/101\/revisions"}],"predecessor-version":[{"id":466,"href":"https:\/\/www.jerokortesniemi.com\/index.php\/wp-json\/wp\/v2\/pages\/101\/revisions\/466"}],"wp:featuredmedia":[{"embeddable":true,"href":"https:\/\/www.jerokortesniemi.com\/index.php\/wp-json\/wp\/v2\/media\/461"}],"wp:attachment":[{"href":"https:\/\/www.jerokortesniemi.com\/index.php\/wp-json\/wp\/v2\/media?parent=101"}],"curies":[{"name":"wp","href":"https:\/\/api.w.org\/{rel}","templated":true}]}}