{"id":203,"date":"2024-09-09T17:21:49","date_gmt":"2024-09-09T17:21:49","guid":{"rendered":"https:\/\/www.jerokortesniemi.com\/?page_id=203"},"modified":"2024-09-16T10:46:28","modified_gmt":"2024-09-16T10:46:28","slug":"dia-de-muertos","status":"publish","type":"page","link":"https:\/\/www.jerokortesniemi.com\/index.php\/dia-de-muertos\/","title":{"rendered":"D\u00eda de Muertos"},"content":{"rendered":"\n<p>Kouluty\u00f6, jossa tehtiin Halloween teemainen 10 sekuntia kest\u00e4v\u00e4 video. Videossa ei ole erityist\u00e4 &#8221;sis\u00e4lt\u00f6\u00e4&#8221; tai viesti\u00e4. Kokonaisuudessaan halusin tehd\u00e4 niin iloisen videon kuin pystyin teht\u00e4v\u00e4nantoa noudattaen.<\/p>\n\n\n\n<p>Ohjelmat: After Effects, Illustrator<\/p>\n\n\n\n<figure class=\"wp-block-video\"><video controls src=\"https:\/\/www.jerokortesniemi.com\/wp-content\/uploads\/2024\/09\/Final-product.mp4\"><\/video><\/figure>\n\n\n\n<div class=\"wp-block-buttons is-layout-flex wp-block-buttons-is-layout-flex\">\n<div class=\"wp-block-button\"><a class=\"wp-block-button__link wp-element-button\" href=\"https:\/\/www.jerokortesniemi.com\/\">Takaisin etusivulle<\/a><\/div>\n<\/div>\n","protected":false},"excerpt":{"rendered":"<p>Kouluty\u00f6, jossa tehtiin Halloween teemainen 10 sekuntia kest\u00e4v\u00e4 video. Videossa ei ole erityist\u00e4 &#8221;sis\u00e4lt\u00f6\u00e4&#8221; tai viesti\u00e4. Kokonaisuudessaan halusin tehd\u00e4 niin iloisen videon kuin pystyin teht\u00e4v\u00e4nantoa noudattaen. Ohjelmat: After Effects, Illustrator<\/p>\n","protected":false},"author":1,"featured_media":0,"parent":0,"menu_order":0,"comment_status":"closed","ping_status":"closed","template":"","meta":{"footnotes":""},"class_list":["post-203","page","type-page","status-publish","hentry"],"_links":{"self":[{"href":"https:\/\/www.jerokortesniemi.com\/index.php\/wp-json\/wp\/v2\/pages\/203","targetHints":{"allow":["GET"]}}],"collection":[{"href":"https:\/\/www.jerokortesniemi.com\/index.php\/wp-json\/wp\/v2\/pages"}],"about":[{"href":"https:\/\/www.jerokortesniemi.com\/index.php\/wp-json\/wp\/v2\/types\/page"}],"author":[{"embeddable":true,"href":"https:\/\/www.jerokortesniemi.com\/index.php\/wp-json\/wp\/v2\/users\/1"}],"replies":[{"embeddable":true,"href":"https:\/\/www.jerokortesniemi.com\/index.php\/wp-json\/wp\/v2\/comments?post=203"}],"version-history":[{"count":3,"href":"https:\/\/www.jerokortesniemi.com\/index.php\/wp-json\/wp\/v2\/pages\/203\/revisions"}],"predecessor-version":[{"id":484,"href":"https:\/\/www.jerokortesniemi.com\/index.php\/wp-json\/wp\/v2\/pages\/203\/revisions\/484"}],"wp:attachment":[{"href":"https:\/\/www.jerokortesniemi.com\/index.php\/wp-json\/wp\/v2\/media?parent=203"}],"curies":[{"name":"wp","href":"https:\/\/api.w.org\/{rel}","templated":true}]}}