{"id":422,"date":"2024-09-16T08:53:48","date_gmt":"2024-09-16T08:53:48","guid":{"rendered":"https:\/\/www.jerokortesniemi.com\/?page_id=422"},"modified":"2024-09-16T10:43:13","modified_gmt":"2024-09-16T10:43:13","slug":"toy-ry-yhteistyo","status":"publish","type":"page","link":"https:\/\/www.jerokortesniemi.com\/index.php\/toy-ry-yhteistyo\/","title":{"rendered":"Toy Ry Yhteisty\u00f6"},"content":{"rendered":"\n<p>Opiskelujeni aikana Turun AMK:ssa olen tehnyt tiivist\u00e4 yhteisty\u00f6t\u00e4 Taideakatemian opiskelijayhdistys Toy Ry:n kanssa. T\u00f6it\u00e4 on tullut kolmen vuoden aikana paljon ja olen lis\u00e4nnyt t\u00e4lle sivulle l\u00e4hes jokaisen. <\/p>\n\n\n\n<p><strong>Miksi lis\u00e4sin n\u00e4m\u00e4 portfoliooni?<\/strong><\/p>\n\n\n\n<p>Aikataulut ovat olleet aina eritt\u00e4in tiukkoja, joten ty\u00f6t osoittavat paineensietokyky\u00e4.<\/p>\n\n\n\n<p>Osassa on &#8221;behind the scenes&#8221; materiaalia eli erilaisia luonnoksia, suunnittelua ja ideointia mit\u00e4 muissa portfolioni t\u00f6iss\u00e4 ei ole.<\/p>\n\n\n\n<figure class=\"wp-block-image size-full\"><img loading=\"lazy\" decoding=\"async\" width=\"428\" height=\"780\" src=\"https:\/\/www.jerokortesniemi.com\/wp-content\/uploads\/2024\/09\/kma.png\" alt=\"\" class=\"wp-image-431\" srcset=\"https:\/\/www.jerokortesniemi.com\/wp-content\/uploads\/2024\/09\/kma.png 428w, https:\/\/www.jerokortesniemi.com\/wp-content\/uploads\/2024\/09\/kma-165x300.png 165w\" sizes=\"auto, (max-width: 428px) 100vw, 428px\" \/><figcaption class=\"wp-element-caption\">Kickstart My Art Haalarimerkki, 2022<\/figcaption><\/figure>\n\n\n\n<figure class=\"wp-block-image size-full\"><img loading=\"lazy\" decoding=\"async\" width=\"852\" height=\"480\" src=\"https:\/\/www.jerokortesniemi.com\/wp-content\/uploads\/2024\/09\/hassuhattusitsit.png\" alt=\"\" class=\"wp-image-427\" srcset=\"https:\/\/www.jerokortesniemi.com\/wp-content\/uploads\/2024\/09\/hassuhattusitsit.png 852w, https:\/\/www.jerokortesniemi.com\/wp-content\/uploads\/2024\/09\/hassuhattusitsit-300x169.png 300w, https:\/\/www.jerokortesniemi.com\/wp-content\/uploads\/2024\/09\/hassuhattusitsit-768x433.png 768w\" sizes=\"auto, (max-width: 852px) 100vw, 852px\" \/><figcaption class=\"wp-element-caption\">Hassu Hattu Sitsien (2022) haalarimerkkien vaihtoehtoja<\/figcaption><\/figure>\n\n\n\n<figure class=\"wp-block-image size-full\"><img loading=\"lazy\" decoding=\"async\" width=\"327\" height=\"312\" src=\"https:\/\/www.jerokortesniemi.com\/wp-content\/uploads\/2024\/09\/HASSUSHATTUS.png\" alt=\"\" class=\"wp-image-392\" srcset=\"https:\/\/www.jerokortesniemi.com\/wp-content\/uploads\/2024\/09\/HASSUSHATTUS.png 327w, https:\/\/www.jerokortesniemi.com\/wp-content\/uploads\/2024\/09\/HASSUSHATTUS-300x286.png 300w\" sizes=\"auto, (max-width: 327px) 100vw, 327px\" \/><figcaption class=\"wp-element-caption\">Lopullinen haalarimerkki<\/figcaption><\/figure>\n\n\n\n<figure class=\"wp-block-image size-full is-resized\"><img loading=\"lazy\" decoding=\"async\" width=\"436\" height=\"578\" src=\"https:\/\/www.jerokortesniemi.com\/wp-content\/uploads\/2024\/09\/colourfest2.png\" alt=\"\" class=\"wp-image-424\" style=\"width:346px;height:auto\" srcset=\"https:\/\/www.jerokortesniemi.com\/wp-content\/uploads\/2024\/09\/colourfest2.png 436w, https:\/\/www.jerokortesniemi.com\/wp-content\/uploads\/2024\/09\/colourfest2-226x300.png 226w\" sizes=\"auto, (max-width: 436px) 100vw, 436px\" \/><figcaption class=\"wp-element-caption\">Colourfest (2023) juliste<\/figcaption><\/figure>\n\n\n\n<figure class=\"wp-block-image size-full is-resized\"><img loading=\"lazy\" decoding=\"async\" width=\"707\" height=\"395\" src=\"https:\/\/www.jerokortesniemi.com\/wp-content\/uploads\/2024\/09\/colourfest.png\" alt=\"\" class=\"wp-image-423\" style=\"width:485px;height:auto\" srcset=\"https:\/\/www.jerokortesniemi.com\/wp-content\/uploads\/2024\/09\/colourfest.png 707w, https:\/\/www.jerokortesniemi.com\/wp-content\/uploads\/2024\/09\/colourfest-300x168.png 300w\" sizes=\"auto, (max-width: 707px) 100vw, 707px\" \/><figcaption class=\"wp-element-caption\">Banneri tapahtumaan<\/figcaption><\/figure>\n\n\n\n<figure class=\"wp-block-gallery has-nested-images columns-default is-cropped wp-block-gallery-1 is-layout-flex wp-block-gallery-is-layout-flex\">\n<figure class=\"wp-block-image size-large\"><img loading=\"lazy\" decoding=\"async\" width=\"522\" height=\"622\" data-id=\"425\" src=\"https:\/\/www.jerokortesniemi.com\/wp-content\/uploads\/2024\/09\/colourfest3-1.png\" alt=\"\" class=\"wp-image-425\" srcset=\"https:\/\/www.jerokortesniemi.com\/wp-content\/uploads\/2024\/09\/colourfest3-1.png 522w, https:\/\/www.jerokortesniemi.com\/wp-content\/uploads\/2024\/09\/colourfest3-1-252x300.png 252w\" sizes=\"auto, (max-width: 522px) 100vw, 522px\" \/><\/figure>\n\n\n\n<figure class=\"wp-block-image size-large\"><img loading=\"lazy\" decoding=\"async\" width=\"556\" height=\"612\" data-id=\"395\" src=\"https:\/\/www.jerokortesniemi.com\/wp-content\/uploads\/2024\/09\/Nayttokuva_20221025_235133.png\" alt=\"\" class=\"wp-image-395\" srcset=\"https:\/\/www.jerokortesniemi.com\/wp-content\/uploads\/2024\/09\/Nayttokuva_20221025_235133.png 556w, https:\/\/www.jerokortesniemi.com\/wp-content\/uploads\/2024\/09\/Nayttokuva_20221025_235133-273x300.png 273w\" sizes=\"auto, (max-width: 556px) 100vw, 556px\" \/><\/figure>\n\n\n\n<figure class=\"wp-block-image size-large\"><img loading=\"lazy\" decoding=\"async\" width=\"519\" height=\"579\" data-id=\"394\" src=\"https:\/\/www.jerokortesniemi.com\/wp-content\/uploads\/2024\/09\/Nayttokuva_20221024_170522.png\" alt=\"\" class=\"wp-image-394\" srcset=\"https:\/\/www.jerokortesniemi.com\/wp-content\/uploads\/2024\/09\/Nayttokuva_20221024_170522.png 519w, https:\/\/www.jerokortesniemi.com\/wp-content\/uploads\/2024\/09\/Nayttokuva_20221024_170522-269x300.png 269w\" sizes=\"auto, (max-width: 519px) 100vw, 519px\" \/><\/figure>\n<\/figure>\n\n\n\n<p>Vaihtoehtoja colourfestin haalarimerkiksi<\/p>\n\n\n\n<figure class=\"wp-block-gallery has-nested-images columns-default is-cropped wp-block-gallery-2 is-layout-flex wp-block-gallery-is-layout-flex\">\n<figure class=\"wp-block-image size-large\"><img loading=\"lazy\" decoding=\"async\" width=\"386\" height=\"445\" data-id=\"399\" src=\"https:\/\/www.jerokortesniemi.com\/wp-content\/uploads\/2024\/09\/Nayttokuva_20230207_141323.png\" alt=\"\" class=\"wp-image-399\" srcset=\"https:\/\/www.jerokortesniemi.com\/wp-content\/uploads\/2024\/09\/Nayttokuva_20230207_141323.png 386w, https:\/\/www.jerokortesniemi.com\/wp-content\/uploads\/2024\/09\/Nayttokuva_20230207_141323-260x300.png 260w\" sizes=\"auto, (max-width: 386px) 100vw, 386px\" \/><figcaption class=\"wp-element-caption\">Lopullinen haalarimerkki \/Illustrator<\/figcaption><\/figure>\n\n\n\n<figure class=\"wp-block-image size-large\"><img loading=\"lazy\" decoding=\"async\" width=\"409\" height=\"406\" data-id=\"398\" src=\"https:\/\/www.jerokortesniemi.com\/wp-content\/uploads\/2024\/09\/Nayttokuva_20230207_112138.png\" alt=\"\" class=\"wp-image-398\" srcset=\"https:\/\/www.jerokortesniemi.com\/wp-content\/uploads\/2024\/09\/Nayttokuva_20230207_112138.png 409w, https:\/\/www.jerokortesniemi.com\/wp-content\/uploads\/2024\/09\/Nayttokuva_20230207_112138-300x298.png 300w, https:\/\/www.jerokortesniemi.com\/wp-content\/uploads\/2024\/09\/Nayttokuva_20230207_112138-150x150.png 150w\" sizes=\"auto, (max-width: 409px) 100vw, 409px\" \/><figcaption class=\"wp-element-caption\">Lopputulos<\/figcaption><\/figure>\n<\/figure>\n\n\n\n<figure class=\"wp-block-image size-full\"><img loading=\"lazy\" decoding=\"async\" width=\"484\" height=\"692\" src=\"https:\/\/www.jerokortesniemi.com\/wp-content\/uploads\/2024\/09\/kasarirock.png\" alt=\"\" class=\"wp-image-430\" srcset=\"https:\/\/www.jerokortesniemi.com\/wp-content\/uploads\/2024\/09\/kasarirock.png 484w, https:\/\/www.jerokortesniemi.com\/wp-content\/uploads\/2024\/09\/kasarirock-210x300.png 210w\" sizes=\"auto, (max-width: 484px) 100vw, 484px\" \/><figcaption class=\"wp-element-caption\">Kasari Rock Sitsit (2023)<\/figcaption><\/figure>\n\n\n\n<figure class=\"wp-block-image size-full\"><img loading=\"lazy\" decoding=\"async\" width=\"461\" height=\"478\" src=\"https:\/\/www.jerokortesniemi.com\/wp-content\/uploads\/2024\/09\/kasarikisu.png\" alt=\"\" class=\"wp-image-429\" srcset=\"https:\/\/www.jerokortesniemi.com\/wp-content\/uploads\/2024\/09\/kasarikisu.png 461w, https:\/\/www.jerokortesniemi.com\/wp-content\/uploads\/2024\/09\/kasarikisu-289x300.png 289w\" sizes=\"auto, (max-width: 461px) 100vw, 461px\" \/><figcaption class=\"wp-element-caption\">rokkikisu merkki<\/figcaption><\/figure>\n\n\n\n<figure class=\"wp-block-image size-full is-resized\"><img loading=\"lazy\" decoding=\"async\" width=\"839\" height=\"461\" src=\"https:\/\/www.jerokortesniemi.com\/wp-content\/uploads\/2024\/09\/munabileet2.png\" alt=\"\" class=\"wp-image-433\" style=\"width:476px;height:auto\" srcset=\"https:\/\/www.jerokortesniemi.com\/wp-content\/uploads\/2024\/09\/munabileet2.png 839w, https:\/\/www.jerokortesniemi.com\/wp-content\/uploads\/2024\/09\/munabileet2-300x165.png 300w, https:\/\/www.jerokortesniemi.com\/wp-content\/uploads\/2024\/09\/munabileet2-768x422.png 768w\" sizes=\"auto, (max-width: 839px) 100vw, 839px\" \/><figcaption class=\"wp-element-caption\">Munabileet + Munaralli (2023)<\/figcaption><\/figure>\n\n\n\n<figure class=\"wp-block-image size-full is-resized\"><img loading=\"lazy\" decoding=\"async\" width=\"631\" height=\"629\" src=\"https:\/\/www.jerokortesniemi.com\/wp-content\/uploads\/2024\/09\/Nayttokuva-2023-03-18-165004.png\" alt=\"\" class=\"wp-image-412\" style=\"width:476px;height:auto\" srcset=\"https:\/\/www.jerokortesniemi.com\/wp-content\/uploads\/2024\/09\/Nayttokuva-2023-03-18-165004.png 631w, https:\/\/www.jerokortesniemi.com\/wp-content\/uploads\/2024\/09\/Nayttokuva-2023-03-18-165004-300x300.png 300w, https:\/\/www.jerokortesniemi.com\/wp-content\/uploads\/2024\/09\/Nayttokuva-2023-03-18-165004-150x150.png 150w\" sizes=\"auto, (max-width: 631px) 100vw, 631px\" \/><figcaption class=\"wp-element-caption\">Munaralli heads up<\/figcaption><\/figure>\n\n\n\n<figure class=\"wp-block-image size-full\"><img loading=\"lazy\" decoding=\"async\" width=\"476\" height=\"464\" src=\"https:\/\/www.jerokortesniemi.com\/wp-content\/uploads\/2024\/09\/munabileet.png\" alt=\"\" class=\"wp-image-432\" srcset=\"https:\/\/www.jerokortesniemi.com\/wp-content\/uploads\/2024\/09\/munabileet.png 476w, https:\/\/www.jerokortesniemi.com\/wp-content\/uploads\/2024\/09\/munabileet-300x292.png 300w\" sizes=\"auto, (max-width: 476px) 100vw, 476px\" \/><figcaption class=\"wp-element-caption\">Munaralli ig postaus<\/figcaption><\/figure>\n\n\n\n<figure class=\"wp-block-gallery has-nested-images columns-default is-cropped wp-block-gallery-3 is-layout-flex wp-block-gallery-is-layout-flex\">\n<figure class=\"wp-block-image size-large\"><img loading=\"lazy\" decoding=\"async\" width=\"602\" height=\"619\" data-id=\"438\" src=\"https:\/\/www.jerokortesniemi.com\/wp-content\/uploads\/2024\/09\/taideakatemianrisse.png\" alt=\"\" class=\"wp-image-438\" srcset=\"https:\/\/www.jerokortesniemi.com\/wp-content\/uploads\/2024\/09\/taideakatemianrisse.png 602w, https:\/\/www.jerokortesniemi.com\/wp-content\/uploads\/2024\/09\/taideakatemianrisse-292x300.png 292w\" sizes=\"auto, (max-width: 602px) 100vw, 602px\" \/><\/figure>\n\n\n\n<figure class=\"wp-block-image size-large\"><img loading=\"lazy\" decoding=\"async\" width=\"465\" height=\"505\" data-id=\"439\" src=\"https:\/\/www.jerokortesniemi.com\/wp-content\/uploads\/2024\/09\/taideakatemianrisse2.png\" alt=\"\" class=\"wp-image-439\" srcset=\"https:\/\/www.jerokortesniemi.com\/wp-content\/uploads\/2024\/09\/taideakatemianrisse2.png 465w, https:\/\/www.jerokortesniemi.com\/wp-content\/uploads\/2024\/09\/taideakatemianrisse2-276x300.png 276w\" sizes=\"auto, (max-width: 465px) 100vw, 465px\" \/><\/figure>\n<\/figure>\n\n\n\n<p>Taideakatemian risteily (2023)<\/p>\n\n\n\n<figure class=\"wp-block-gallery has-nested-images columns-default is-cropped wp-block-gallery-4 is-layout-flex wp-block-gallery-is-layout-flex\">\n<figure class=\"wp-block-image size-large\"><img loading=\"lazy\" decoding=\"async\" width=\"1024\" height=\"1024\" data-id=\"407\" src=\"https:\/\/www.jerokortesniemi.com\/wp-content\/uploads\/2024\/09\/merkki3-01-1024x1024.png\" alt=\"\" class=\"wp-image-407\" srcset=\"https:\/\/www.jerokortesniemi.com\/wp-content\/uploads\/2024\/09\/merkki3-01-1024x1024.png 1024w, https:\/\/www.jerokortesniemi.com\/wp-content\/uploads\/2024\/09\/merkki3-01-300x300.png 300w, https:\/\/www.jerokortesniemi.com\/wp-content\/uploads\/2024\/09\/merkki3-01-150x150.png 150w, https:\/\/www.jerokortesniemi.com\/wp-content\/uploads\/2024\/09\/merkki3-01-768x767.png 768w, https:\/\/www.jerokortesniemi.com\/wp-content\/uploads\/2024\/09\/merkki3-01.png 1375w\" sizes=\"auto, (max-width: 1024px) 100vw, 1024px\" \/><\/figure>\n\n\n\n<figure class=\"wp-block-image size-large\"><img loading=\"lazy\" decoding=\"async\" width=\"467\" height=\"487\" data-id=\"420\" src=\"https:\/\/www.jerokortesniemi.com\/wp-content\/uploads\/2024\/09\/toy-25v.png\" alt=\"\" class=\"wp-image-420\" srcset=\"https:\/\/www.jerokortesniemi.com\/wp-content\/uploads\/2024\/09\/toy-25v.png 467w, https:\/\/www.jerokortesniemi.com\/wp-content\/uploads\/2024\/09\/toy-25v-288x300.png 288w\" sizes=\"auto, (max-width: 467px) 100vw, 467px\" \/><\/figure>\n<\/figure>\n\n\n\n<p>Toy Ry Vujut (2023)<\/p>\n\n\n\n<figure class=\"wp-block-image size-full\"><img loading=\"lazy\" decoding=\"async\" width=\"694\" height=\"498\" src=\"https:\/\/www.jerokortesniemi.com\/wp-content\/uploads\/2024\/09\/olutpialaiset-kartta.png\" alt=\"\" class=\"wp-image-434\" srcset=\"https:\/\/www.jerokortesniemi.com\/wp-content\/uploads\/2024\/09\/olutpialaiset-kartta.png 694w, https:\/\/www.jerokortesniemi.com\/wp-content\/uploads\/2024\/09\/olutpialaiset-kartta-300x215.png 300w\" sizes=\"auto, (max-width: 694px) 100vw, 694px\" \/><figcaption class=\"wp-element-caption\">Vappu olutpialaiset (2023) kartta<\/figcaption><\/figure>\n\n\n\n<div class=\"wp-block-buttons is-layout-flex wp-block-buttons-is-layout-flex\">\n<div class=\"wp-block-button\"><a class=\"wp-block-button__link wp-element-button\" href=\"https:\/\/www.jerokortesniemi.com\/\">Takaisin etusivulle<\/a><\/div>\n<\/div>\n","protected":false},"excerpt":{"rendered":"<p>Opiskelujeni aikana Turun AMK:ssa olen tehnyt tiivist\u00e4 yhteisty\u00f6t\u00e4 Taideakatemian opiskelijayhdistys Toy Ry:n kanssa. T\u00f6it\u00e4 on tullut kolmen vuoden aikana paljon ja olen lis\u00e4nnyt t\u00e4lle sivulle l\u00e4hes jokaisen. Miksi lis\u00e4sin n\u00e4m\u00e4 portfoliooni? Aikataulut ovat olleet aina eritt\u00e4in tiukkoja, joten ty\u00f6t osoittavat paineensietokyky\u00e4. Osassa on &#8221;behind the scenes&#8221; materiaalia eli erilaisia luonnoksia, [&hellip;]<\/p>\n","protected":false},"author":1,"featured_media":0,"parent":0,"menu_order":0,"comment_status":"closed","ping_status":"closed","template":"","meta":{"footnotes":""},"class_list":["post-422","page","type-page","status-publish","hentry"],"_links":{"self":[{"href":"https:\/\/www.jerokortesniemi.com\/index.php\/wp-json\/wp\/v2\/pages\/422","targetHints":{"allow":["GET"]}}],"collection":[{"href":"https:\/\/www.jerokortesniemi.com\/index.php\/wp-json\/wp\/v2\/pages"}],"about":[{"href":"https:\/\/www.jerokortesniemi.com\/index.php\/wp-json\/wp\/v2\/types\/page"}],"author":[{"embeddable":true,"href":"https:\/\/www.jerokortesniemi.com\/index.php\/wp-json\/wp\/v2\/users\/1"}],"replies":[{"embeddable":true,"href":"https:\/\/www.jerokortesniemi.com\/index.php\/wp-json\/wp\/v2\/comments?post=422"}],"version-history":[{"count":2,"href":"https:\/\/www.jerokortesniemi.com\/index.php\/wp-json\/wp\/v2\/pages\/422\/revisions"}],"predecessor-version":[{"id":482,"href":"https:\/\/www.jerokortesniemi.com\/index.php\/wp-json\/wp\/v2\/pages\/422\/revisions\/482"}],"wp:attachment":[{"href":"https:\/\/www.jerokortesniemi.com\/index.php\/wp-json\/wp\/v2\/media?parent=422"}],"curies":[{"name":"wp","href":"https:\/\/api.w.org\/{rel}","templated":true}]}}