{"id":73,"date":"2024-08-28T13:11:15","date_gmt":"2024-08-28T13:11:15","guid":{"rendered":"https:\/\/www.jerokortesniemi.com\/?page_id=73"},"modified":"2025-05-08T07:56:51","modified_gmt":"2025-05-08T07:56:51","slug":"etusivu","status":"publish","type":"page","link":"https:\/\/www.jerokortesniemi.com\/","title":{"rendered":"Etusivu"},"content":{"rendered":"\n<div class=\"image-container\">\n    <img decoding=\"async\" src=\"https:\/\/www.jerokortesniemi.com\/wp-content\/uploads\/2024\/12\/jerppoteksti6-01.png\" \n         alt=\"Kuva\" class=\"left-image\">\n    <img decoding=\"async\" src=\"https:\/\/www.jerokortesniemi.com\/wp-content\/uploads\/2024\/12\/jerpopo3_1.gif\" \n         alt=\"GIF\" class=\"right-gif\">\n<\/div>\n\n<style>\n\/* Nollaa kaikki oletustyylit *\/\n* {\n    margin: 0;\n    padding: 0;\n    box-sizing: border-box;\n}\n\n\/* Hallitse dokumentin vierityst\u00e4 *\/\nhtml, body {\n    margin: 0;\n    padding: 0;\n    overflow-x: hidden; \/* Est\u00e4\u00e4 vaakasuoran vierityksen *\/\n    width: 100%; \/* Rajoittaa leveyden n\u00e4yt\u00f6n kokoon *\/\n}\n\n\/* S\u00e4ili\u00f6, jossa kuvat ja GIF *\/\n.image-container {\n    display: flex;\n    justify-content: flex-start; \/* Asettaa sis\u00e4ll\u00f6n vasemmalle *\/\n    align-items: center; \/* Keskitt\u00e4\u00e4 pystysuunnassa *\/\n    width: 100%; \/* Skaalautuu n\u00e4yt\u00f6n leveyteen *\/\n    max-width: 1920px; \/* Enimm\u00e4isleveys *\/\n    height: auto; \/* Korkeus mukautuu sis\u00e4lt\u00f6\u00f6n *\/\n    margin: 0 auto; \/* Keskitt\u00e4\u00e4 s\u00e4ili\u00f6n *\/\n    position: relative; \/* Mahdollistaa tarkemman sijoittelun *\/\n    top: -5px; \/* Siirt\u00e4\u00e4 sis\u00e4lt\u00f6\u00e4 30 pikseli\u00e4 alasp\u00e4in *\/\n    gap: 5px; \/* V\u00e4li kuvien v\u00e4lill\u00e4 *\/\n    overflow: hidden; \/* Est\u00e4\u00e4 ylim\u00e4\u00e4r\u00e4isen sis\u00e4ll\u00f6n n\u00e4kymisen *\/\n}\n\n\/* Taustan musta neli\u00f6 *\/\n.image-container::before {\n    content: \"\"; \/* Lis\u00e4\u00e4 pseudo-elementti *\/\n    position: absolute; \/* Asetetaan taustaksi *\/\n    top: 0;\n    left: 0;\n    width: 100%; \/* T\u00e4ytt\u00e4\u00e4 s\u00e4ili\u00f6n leveyden *\/\n    height: 100%; \/* T\u00e4ytt\u00e4\u00e4 s\u00e4ili\u00f6n korkeuden *\/\n    background-color: rgba(0, 0, 0, 0.5); \/* Musta tausta, 70% opacity *\/\n    border-radius: 60px; \/* Py\u00f6ristetyt reunat *\/\n    z-index: -1; \/* Tausta pysyy muiden elementtien takana *\/\n}\n\n\/* Vasemmanpuoleinen kuva *\/\n.left-image {\n    width: 65%; \/* Skaalautuu suhteessa s\u00e4ili\u00f6\u00f6n *\/\n    height: auto; \/* Pit\u00e4\u00e4 mittasuhteet oikeina *\/\n    margin: 0; \/* Ei marginaalia *\/\n    position: relative; \/* Pysyy taustan p\u00e4\u00e4ll\u00e4 *\/\n    z-index: 1; \/* N\u00e4kyy taustaelementin p\u00e4\u00e4ll\u00e4 *\/\n}\n\n\/* Oikeanpuoleinen GIF *\/\n.right-gif {\n    width: 35%; \/* Skaalautuu suhteessa s\u00e4ili\u00f6\u00f6n *\/\n    height: auto; \/* Pit\u00e4\u00e4 mittasuhteet oikeina *\/\n    margin: 0; \/* Ei marginaalia *\/\n    position: relative; \/* Pysyy taustan p\u00e4\u00e4ll\u00e4 *\/\n    z-index: 1; \/* N\u00e4kyy taustaelementin p\u00e4\u00e4ll\u00e4 *\/\n}\n\n\/* Mobiilin\u00e4kym\u00e4 \u2013 piilotetaan kuva ja GIF *\/\n@media (max-width: 768px) { \/* Tablettien ja pienempien n\u00e4ytt\u00f6jen osalta *\/\n    .image-container {\n        display: none; \/* Piilottaa s\u00e4ili\u00f6n kokonaan pienill\u00e4 n\u00e4yt\u00f6ill\u00e4 *\/\n    }\n}\n<\/style>\n\n\n<div id=\"flipbox-widget-316\" class=\"cfb_wrapper with-image flex-row\" data-flipboxid=\"flipbox-widget-316\" data-bootstrap-status=\"enable\" data-fontawesome-icons=\"disable\"><div class=\"flex-col-md-6 cfb-box-1 cfb-box-wrapper\">\n                            <div class=\"flipbox-container cfb-layout-2 cfb-flip cfb-hover\" data-effect=\"x\" data-height=\"equal\" >\n                            <div class=\"flipbox-front-layout cfb-data\">\n                                <div class=\"flipbox-img\"><img decoding=\"async\" src=\"https:\/\/www.jerokortesniemi.com\/wp-content\/uploads\/2024\/08\/Papa-Panda-boxes.png\" alt=\"\" \/><\/div><\/div>\n                            <div class=\"flipbox-back-layout cfb-data\" style=\"background:#ddb475\">\n                            <h4>Papa Panda<\/h4>\n                                <p>Ohjelmat: Illustrator, After Effects, Photoshop<\/p><a target=\"_blank\" href=\"https:\/\/www.jerokortesniemi.com\/index.php\/papa-panda\/\" style=\"color:#ddb475\" class=\"back-layout-btn\">Katso<\/a><\/div>\n                            <\/div>\n                        <\/div><div class=\"flex-col-md-6 cfb-box-2 cfb-box-wrapper\">\n                            <div class=\"flipbox-container cfb-layout-2 cfb-flip cfb-hover\" data-effect=\"x\" data-height=\"equal\" >\n                            <div class=\"flipbox-front-layout cfb-data\">\n                                <div class=\"flipbox-img\"><img decoding=\"async\" src=\"https:\/\/www.jerokortesniemi.com\/wp-content\/uploads\/2024\/08\/fantasiapelit-kauppa.png\" alt=\"\" \/><\/div><\/div>\n                            <div class=\"flipbox-back-layout cfb-data\" style=\"background:#c78dd6\">\n                            <h4>Fantasiapelit Redesign<\/h4>\n                                <p>Ohjelmat: Photoshop, Illustrator<\/p><a target=\"_blank\" href=\"https:\/\/www.jerokortesniemi.com\/index.php\/fantasiapelit-redesign\/\" style=\"color:#c78dd6\" class=\"back-layout-btn\">Katso<\/a><\/div>\n                            <\/div>\n                        <\/div><div class=\"flex-col-md-6 cfb-box-3 cfb-box-wrapper\">\n                            <div class=\"flipbox-container cfb-layout-2 cfb-flip cfb-hover\" data-effect=\"x\" data-height=\"equal\" >\n                            <div class=\"flipbox-front-layout cfb-data\">\n                                <div class=\"flipbox-img\"><img decoding=\"async\" src=\"https:\/\/www.jerokortesniemi.com\/wp-content\/uploads\/2024\/08\/gaussian-blue6.png\" alt=\"\" \/><\/div><\/div>\n                            <div class=\"flipbox-back-layout cfb-data\" style=\"background:#dd8502\">\n                            <h4>Basketbrains<\/h4>\n                                <p>Photoshop: Illustrator, Photoshop<\/p><a target=\"_blank\" href=\"https:\/\/www.jerokortesniemi.com\/index.php\/basketbrains\/\" style=\"color:#dd8502\" class=\"back-layout-btn\">Katso<\/a><\/div>\n                            <\/div>\n                        <\/div><div class=\"flex-col-md-6 cfb-box-4 cfb-box-wrapper\">\n                            <div class=\"flipbox-container cfb-layout-2 cfb-flip cfb-hover\" data-effect=\"x\" data-height=\"equal\" >\n                            <div class=\"flipbox-front-layout cfb-data\">\n                                <div class=\"flipbox-img\"><img decoding=\"async\" src=\"https:\/\/www.jerokortesniemi.com\/wp-content\/uploads\/2024\/12\/colmec-logo-01.png\" alt=\"\" \/><\/div><\/div>\n                            <div class=\"flipbox-back-layout cfb-data\" style=\"background:#28459b\">\n                            <h4>Colmec Oy<\/h4>\n                                <p>Palkkaty\u00f6<\/p><a target=\"_blank\" href=\"https:\/\/www.jerokortesniemi.com\/index.php\/colmec-oy\/\" style=\"color:#28459b\" class=\"back-layout-btn\">Katso<\/a><\/div>\n                            <\/div>\n                        <\/div><div class=\"flex-col-md-6 cfb-box-5 cfb-box-wrapper\">\n                            <div class=\"flipbox-container cfb-layout-2 cfb-flip cfb-hover\" data-effect=\"x\" data-height=\"equal\" >\n                            <div class=\"flipbox-front-layout cfb-data\">\n                                <div class=\"flipbox-img\"><img decoding=\"async\" src=\"https:\/\/www.jerokortesniemi.com\/wp-content\/uploads\/2024\/09\/HASSUSHATTUS.png\" alt=\"\" \/><\/div><\/div>\n                            <div class=\"flipbox-back-layout cfb-data\" style=\"background:#1acece\">\n                            <h4>Toy Ry Yhteisty\u00f6<\/h4>\n                                <p>V\u00e4h\u00e4n kaikenlaista<\/p><a target=\"_blank\" href=\"https:\/\/www.jerokortesniemi.com\/index.php\/toy-ry-yhteistyo\/\" style=\"color:#1acece\" class=\"back-layout-btn\">Katso<\/a><\/div>\n                            <\/div>\n                        <\/div><div class=\"flex-col-md-6 cfb-box-6 cfb-box-wrapper\">\n                            <div class=\"flipbox-container cfb-layout-2 cfb-flip cfb-hover\" data-effect=\"x\" data-height=\"equal\" >\n                            <div class=\"flipbox-front-layout cfb-data\">\n                                <div class=\"flipbox-img\"><img decoding=\"async\" src=\"https:\/\/www.jerokortesniemi.com\/wp-content\/uploads\/2024\/09\/diademuerto.png\" alt=\"\" \/><\/div><\/div>\n                            <div class=\"flipbox-back-layout cfb-data\" style=\"background:#eded3d\">\n                            <h4>D\u00eda de Muertos (Video)<\/h4>\n                                <p>Ohjelmat: After Effects, Illustrator<\/p><a target=\"_blank\" href=\"https:\/\/www.jerokortesniemi.com\/index.php\/dia-de-muertos\/\" style=\"color:#eded3d\" class=\"back-layout-btn\">Katso<\/a><\/div>\n                            <\/div>\n                        <\/div><\/div>\n\n\n\n<p style=\"font-size:25px\"><strong>Kuka?<\/strong><\/p>\n\n\n\n<p style=\"font-size:18px\">Olen Jero Kortesniemi, 4. vuoden mainonnan suunnittelun opiskelija Turusta. Opinnoissani olen syventynyt Art Directorin rooliin. Olen aina rakastanut piirt\u00e4mist\u00e4 ja suunnittelua, ja koen ett\u00e4 rajaa luovuudelle ei ole.<\/p>\n\n\n<div class=\"wp-block-image is-style-rounded\">\n<figure class=\"alignleft size-large is-resized\"><img loading=\"lazy\" decoding=\"async\" width=\"780\" height=\"1024\" src=\"https:\/\/www.jerokortesniemi.com\/wp-content\/uploads\/2024\/08\/jerpan-ei-ehka-paras-kuva-1-780x1024.png\" alt=\"\" class=\"wp-image-61\" style=\"width:399px;height:auto\" srcset=\"https:\/\/www.jerokortesniemi.com\/wp-content\/uploads\/2024\/08\/jerpan-ei-ehka-paras-kuva-1-780x1024.png 780w, https:\/\/www.jerokortesniemi.com\/wp-content\/uploads\/2024\/08\/jerpan-ei-ehka-paras-kuva-1-228x300.png 228w, https:\/\/www.jerokortesniemi.com\/wp-content\/uploads\/2024\/08\/jerpan-ei-ehka-paras-kuva-1-768x1008.png 768w, https:\/\/www.jerokortesniemi.com\/wp-content\/uploads\/2024\/08\/jerpan-ei-ehka-paras-kuva-1-1170x1536.png 1170w, https:\/\/www.jerokortesniemi.com\/wp-content\/uploads\/2024\/08\/jerpan-ei-ehka-paras-kuva-1.png 1485w\" sizes=\"auto, (max-width: 780px) 100vw, 780px\" \/><\/figure><\/div>\n\n\n<p style=\"font-size:18px\">Osaan k\u00e4ytt\u00e4\u00e4 Adoben ohjelmistopakettia, ja n\u00e4ist\u00e4 ohjelmista parhaiten Adobe Illustratoria. Illustrator on l\u00e4sn\u00e4 jokaisessa ty\u00f6ss\u00e4ni enemm\u00e4n tai v\u00e4hemm\u00e4n. Lis\u00e4ksi tuttuja ovat InDesign, Photoshop sek\u00e4 After Effects. T\u00e4ll\u00e4 hetkell\u00e4 minua kiinnostaa eniten motion design.<\/p>\n\n\n\n<p>Koen Adoben ty\u00f6kaluissa vahvuudekseni sen, ett\u00e4 osaan selvitt\u00e4\u00e4 asioita. En todellakaan osaa tehd\u00e4 kaikkea, mutta osaan hakea tietoa siten, ett\u00e4 saan tarvittavan asian selville.<\/p>\n\n\n\n<p style=\"font-size:18px\">Paras mahdollinen harjoittelupaikka olisi sellainen, miss\u00e4 saan kasvattaa kokemusta ja samalla tuoda esiin vahvuuksiani. Uskon ett\u00e4 pystyn tuomaan paljon ideoita ja uudenlaista n\u00e4k\u00f6kulmaa.<\/p>\n\n\n\n<p style=\"font-size:25px\"><strong>Mink\u00e4lainen olen?<\/strong><\/p>\n\n\n\n<p><strong>Rauhallinen<\/strong>. En pid\u00e4 suurta melua itsest\u00e4ni. Tykk\u00e4\u00e4n my\u00f6s kuunnella muita ja heid\u00e4n mielipiteit\u00e4\u00e4n.<\/p>\n\n\n\n<p><strong>Tiimipelaaja<\/strong>. Jos olisin j\u00e4\u00e4kiekon pelaaja olisin pakki. Taklaan ongelmat ja laitan itseni t\u00e4ysill\u00e4 likoon.<\/p>\n\n\n\n<p><strong>Luotettava.<\/strong> Haluan olla toisille luottamuksen arvoinen, koska odotan sit\u00e4 my\u00f6s muilta.<\/p>\n\n\n\n<p style=\"font-size:25px\"><strong>Yhteystiedot:<\/strong><\/p>\n\n\n\n<p style=\"font-size:18px\">Puhelinnumero: 044 0990621<\/p>\n\n\n\n<p style=\"font-size:18px\">S\u00e4hk\u00f6posti: jero.kortesniemi2@gmail.com<\/p>\n","protected":false},"excerpt":{"rendered":"<p>Kuka? Olen Jero Kortesniemi, 4. vuoden mainonnan suunnittelun opiskelija Turusta. Opinnoissani olen syventynyt Art Directorin rooliin. Olen aina rakastanut piirt\u00e4mist\u00e4 ja suunnittelua, ja koen ett\u00e4 rajaa luovuudelle ei ole. Osaan k\u00e4ytt\u00e4\u00e4 Adoben ohjelmistopakettia, ja n\u00e4ist\u00e4 ohjelmista parhaiten Adobe Illustratoria. Illustrator on l\u00e4sn\u00e4 jokaisessa ty\u00f6ss\u00e4ni enemm\u00e4n tai v\u00e4hemm\u00e4n. Lis\u00e4ksi tuttuja ovat [&hellip;]<\/p>\n","protected":false},"author":1,"featured_media":562,"parent":0,"menu_order":0,"comment_status":"closed","ping_status":"closed","template":"","meta":{"footnotes":""},"class_list":["post-73","page","type-page","status-publish","has-post-thumbnail","hentry"],"_links":{"self":[{"href":"https:\/\/www.jerokortesniemi.com\/index.php\/wp-json\/wp\/v2\/pages\/73","targetHints":{"allow":["GET"]}}],"collection":[{"href":"https:\/\/www.jerokortesniemi.com\/index.php\/wp-json\/wp\/v2\/pages"}],"about":[{"href":"https:\/\/www.jerokortesniemi.com\/index.php\/wp-json\/wp\/v2\/types\/page"}],"author":[{"embeddable":true,"href":"https:\/\/www.jerokortesniemi.com\/index.php\/wp-json\/wp\/v2\/users\/1"}],"replies":[{"embeddable":true,"href":"https:\/\/www.jerokortesniemi.com\/index.php\/wp-json\/wp\/v2\/comments?post=73"}],"version-history":[{"count":46,"href":"https:\/\/www.jerokortesniemi.com\/index.php\/wp-json\/wp\/v2\/pages\/73\/revisions"}],"predecessor-version":[{"id":559,"href":"https:\/\/www.jerokortesniemi.com\/index.php\/wp-json\/wp\/v2\/pages\/73\/revisions\/559"}],"wp:featuredmedia":[{"embeddable":true,"href":"https:\/\/www.jerokortesniemi.com\/index.php\/wp-json\/wp\/v2\/media\/562"}],"wp:attachment":[{"href":"https:\/\/www.jerokortesniemi.com\/index.php\/wp-json\/wp\/v2\/media?parent=73"}],"curies":[{"name":"wp","href":"https:\/\/api.w.org\/{rel}","templated":true}]}}